{"id":231,"date":"2023-10-15T13:59:09","date_gmt":"2023-10-15T13:59:09","guid":{"rendered":"http:\/\/www.apaagro.com\/?page_id=231"},"modified":"2023-10-20T09:01:19","modified_gmt":"2023-10-20T09:01:19","slug":"about-us","status":"publish","type":"page","link":"http:\/\/www.apaagro.com\/tr\/about-us\/","title":{"rendered":"Hakk\u0131m\u0131zda"},"content":{"rendered":"<p>[et_pb_section fb_built=&#8221;1&#8243; admin_label=&#8221;Header&#8221; _builder_version=&#8221;4.22.2&#8243; _module_preset=&#8221;default&#8221; use_background_color_gradient=&#8221;on&#8221; background_image=&#8221;http:\/\/www.apaagro.com\/wp-content\/uploads\/2023\/10\/Milk_Production.webp&#8221; background_blend=&#8221;multiply&#8221; custom_padding=&#8221;||0px||false|false&#8221; collapsed=&#8221;on&#8221; global_colors_info=&#8221;{}&#8221;][et_pb_row _builder_version=&#8221;4.21.0&#8243; _module_preset=&#8221;default&#8221; global_colors_info=&#8221;{}&#8221;][et_pb_column type=&#8221;4_4&#8243; _builder_version=&#8221;4.21.0&#8243; _module_preset=&#8221;default&#8221; global_colors_info=&#8221;{}&#8221;][et_pb_text _builder_version=&#8221;4.22.2&#8243; _module_preset=&#8221;67d96aff-567c-479a-b1bd-f48bd042e794&#8243; header_text_color=&#8221;#FFFFFF&#8221; global_colors_info=&#8221;{}&#8221;]<\/p>\n<h1>Hakk\u0131m\u0131zda<\/h1>\n<p>[\/et_pb_text][\/et_pb_column][\/et_pb_row][\/et_pb_section][et_pb_section fb_built=&#8221;1&#8243; admin_label=&#8221;About&#8221; _builder_version=&#8221;4.21.0&#8243; _module_preset=&#8221;default&#8221; collapsed=&#8221;on&#8221; global_colors_info=&#8221;{}&#8221;][et_pb_row column_structure=&#8221;1_2,1_2&#8243; _builder_version=&#8221;4.21.0&#8243; _module_preset=&#8221;default&#8221; global_colors_info=&#8221;{}&#8221;][et_pb_column type=&#8221;1_2&#8243; _builder_version=&#8221;4.21.0&#8243; _module_preset=&#8221;default&#8221; global_colors_info=&#8221;{}&#8221;][et_pb_text _builder_version=&#8221;4.22.2&#8243; _module_preset=&#8221;d374ea12-ce2e-445a-996a-cc159b6c6160&#8243; header_2_font_size=&#8221;57px&#8221; global_colors_info=&#8221;{}&#8221;]<\/p>\n<h2><span>Deneyim ve Kalite ile Memnuniyetinizi \u0130n\u015fa Ediyoruz<\/span><\/h2>\n<p>[\/et_pb_text][\/et_pb_column][et_pb_column type=&#8221;1_2&#8243; _builder_version=&#8221;4.21.0&#8243; _module_preset=&#8221;default&#8221; global_colors_info=&#8221;{}&#8221;][et_pb_text _builder_version=&#8221;4.21.0&#8243; _module_preset=&#8221;04345b88-e188-48da-b3cd-734a2d9fbb01&#8243; global_colors_info=&#8221;{}&#8221;]<\/p>\n<p>Firmam\u0131z 20 y\u0131ll\u0131k tecr\u00fcbesi ile s\u00fct ve s\u00fct \u00fcr\u00fcnleri ba\u015fta olmak \u00fczere g\u0131da i\u015fleme ekipmanlar\u0131 \u00fczerine uzmanla\u015fm\u0131\u015f ve bir\u00e7ok projeye imza atm\u0131\u015ft\u0131r. \nM\u00fc\u015fterilerimizin talepleri do\u011frultusunda farkl\u0131 kapasitelerde Past\u00f6rize s\u00fct, her t\u00fcrl\u00fc peynir \u00e7e\u015fitleri, smetana, matsoni, yo\u011furt, ayran, kefir, tereya\u011f ekipmanlar\u0131n\u0131  anahtar teslimi olarak ba\u015far\u0131yla montajlar\u0131 ger\u00e7ekle\u015ftirip teslim etmekteyiz. \nBunun yan\u0131nda s\u00fct i\u015fleme tesisinde olmas\u0131 gereken so\u011fuk odalar, ink\u00fcbasyon odalar\u0131 ve havaland\u0131rma sistemleri \u00fczerine hizmet vermekteyiz.<\/p>\n<p>In line with the demands of our customers, we successfully assemble and deliver pasteurized milk, all kinds of cheese types, smetana, matsoni, yoghurt, ayran, kefir and butter equipment on a turnkey basis in different capacities.<\/p>\n<p>In addition, we provide services on cold rooms, incubation rooms and ventilation systems that should be in the milk processing facility.<\/p>\n<p>[\/et_pb_text][\/et_pb_column][\/et_pb_row][\/et_pb_section][et_pb_section fb_built=&#8221;1&#8243; _builder_version=&#8221;4.22.2&#8243; _module_preset=&#8221;default&#8221; background_image=&#8221;http:\/\/www.apaagro.com\/wp-content\/uploads\/2023\/10\/yazi-bg.webp&#8221; parallax=&#8221;on&#8221; parallax_method=&#8221;off&#8221; global_colors_info=&#8221;{}&#8221; locked=&#8221;off&#8221;][et_pb_row _builder_version=&#8221;4.22.2&#8243; _module_preset=&#8221;default&#8221; global_colors_info=&#8221;{}&#8221;][et_pb_column type=&#8221;4_4&#8243; _builder_version=&#8221;4.22.2&#8243; _module_preset=&#8221;default&#8221; custom_css_main_element=&#8221;||\talign-items: center;||\tjustify-content: center;&#8221; global_colors_info=&#8221;{}&#8221;][et_pb_text module_class=&#8221;content &#8221; _builder_version=&#8221;4.22.2&#8243; _module_preset=&#8221;default&#8221; header_6_font=&#8221;Poppins|900|||||||&#8221; header_6_text_align=&#8221;center&#8221; header_6_font_size=&#8221;55px&#8221; global_colors_info=&#8221;{}&#8221;]<\/p>\n<h6 style=\"text-align: center;\"><span>Lactotech: S\u00fct\u00fcn Tatl\u0131 D\u00f6n\u00fc\u015f\u00fcm\u00fc<\/span><\/h6>\n<h6 style=\"text-align: center;\"><span>Lactotech: S\u00fct\u00fcn Tatl\u0131 D\u00f6n\u00fc\u015f\u00fcm\u00fc<\/span><\/h6>\n<p>[\/et_pb_text][et_pb_text _builder_version=&#8221;4.22.2&#8243; _module_preset=&#8221;default&#8221; text_font=&#8221;Poppins||||||||&#8221; text_font_size=&#8221;33px&#8221; text_line_height=&#8221;44px&#8221; custom_padding=&#8221;21px||||false|false&#8221; custom_padding_tablet=&#8221;21px||||false|false&#8221; custom_padding_phone=&#8221;146px||||false|false&#8221; custom_padding_last_edited=&#8221;on|phone&#8221; global_colors_info=&#8221;{}&#8221;]<\/p>\n<p style=\"text-align: center;\" class=\" translation-block\">Past\u00f6rize S\u00fct \u2022 Peynir \u00c7e\u015fitleri \u2022 Smetana \u2022 Matsoni \u2022 Yo\u011furt \u2022 Ayran\u2022 Kefir \u2022 Tereya\u011f \u2022 <span style=\"color: #0c71c3\"><strong>ve Daha Fazlas\u0131<\/strong><\/span><\/p>\n<p>[\/et_pb_text][et_pb_cta title=&#8221;Contact us&#8221; button_url=&#8221;@ET-DC@eyJkeW5hbWljIjp0cnVlLCJjb250ZW50IjoicG9zdF9saW5rX3VybF9wYWdlIiwic2V0dGluZ3MiOnsicG9zdF9pZCI6IjIzNyJ9fQ==@&#8221; button_text=&#8221;Contact&#8221; _builder_version=&#8221;4.22.2&#8243; _dynamic_attributes=&#8221;button_url&#8221; _module_preset=&#8221;default&#8221; header_text_color=&#8221;gcid-ae919803-aaad-4432-8f99-eb585b52c794&#8243; body_font=&#8221;Poppins|800|||||||&#8221; body_text_color=&#8221;gcid-ae919803-aaad-4432-8f99-eb585b52c794&#8243; body_font_size=&#8221;34px&#8221; background_color=&#8221;gcid-aea6eff5-f3cb-40af-8844-d083040a3f02&#8243; background_image=&#8221;http:\/\/www.apaagro.com\/wp-content\/uploads\/2023\/10\/iletisim-bg2.webp&#8221; background_position=&#8221;bottom_center&#8221; custom_button=&#8221;on&#8221; button_text_color=&#8221;gcid-87ec9290-812c-4c65-8d05-609929451075&#8243; button_border_radius=&#8221;59px&#8221; custom_margin=&#8221;0px||0px||false|false&#8221; custom_padding=&#8221;||||false|false&#8221; hover_enabled=&#8221;0&#8243; body_font_size_tablet=&#8221;34px&#8221; body_font_size_phone=&#8221;23px&#8221; body_font_size_last_edited=&#8221;on|phone&#8221; border_radii=&#8221;on|450px|450px|450px|450px&#8221; border_radii_tablet=&#8221;on|450px|450px|450px|450px&#8221; border_radii_phone=&#8221;on|90px|90px|90px|90px&#8221; border_radii_last_edited=&#8221;on|phone&#8221; global_colors_info=&#8221;{%22gcid-aea6eff5-f3cb-40af-8844-d083040a3f02%22:%91%22background_color%22%93,%22gcid-ae919803-aaad-4432-8f99-eb585b52c794%22:%91%22header_text_color%22,%22body_text_color%22%93,%22gcid-87ec9290-812c-4c65-8d05-609929451075%22:%91%22button_text_color%22%93}&#8221; sticky_enabled=&#8221;0&#8243;]<\/p>\n<h1><span style=\"color: #000000;\"><strong>+90 532 727 73 00<\/strong><\/span><\/h1>\n<h3><span style=\"color: #3a3a3a;\">export@apaagro.com<\/span><\/h3>\n<p>[\/et_pb_cta][et_pb_code _builder_version=&#8221;4.22.2&#8243; _module_preset=&#8221;default&#8221; global_colors_info=&#8221;{}&#8221;]<\/p>\n<style><!-- [et_pb_line_break_holder] --><!-- [et_pb_line_break_holder] -->.content {<!-- [et_pb_line_break_holder] -->\tposition: relative;<!-- [et_pb_line_break_holder] -->}<!-- [et_pb_line_break_holder] --><!-- [et_pb_line_break_holder] -->.content h6 {<!-- [et_pb_line_break_holder] -->\tcolor: #fff;<!-- [et_pb_line_break_holder] -->\tposition: absolute;<!-- [et_pb_line_break_holder] --><!-- [et_pb_line_break_holder] -->}<!-- [et_pb_line_break_holder] --><!-- [et_pb_line_break_holder] -->.content h6:nth-child(1) {<!-- [et_pb_line_break_holder] -->\tcolor: transparent;<!-- [et_pb_line_break_holder] -->\t-webkit-text-stroke: 1px #8338ec;<!-- [et_pb_line_break_holder] -->}<!-- [et_pb_line_break_holder] --><!-- [et_pb_line_break_holder] -->.content h6:nth-child(2) {<!-- [et_pb_line_break_holder] -->\tcolor: #c19bf5;<!-- [et_pb_line_break_holder] -->\tanimation: animate 4s ease-in-out infinite;<!-- [et_pb_line_break_holder] -->}<!-- [et_pb_line_break_holder] --><!-- [et_pb_line_break_holder] -->@keyframes animate {<!-- [et_pb_line_break_holder] -->\t0%,<!-- [et_pb_line_break_holder] -->\t100% {<!-- [et_pb_line_break_holder] -->\t\tclip-path: polygon(<!-- [et_pb_line_break_holder] -->\t\t\t0% 45%,<!-- [et_pb_line_break_holder] -->\t\t\t16% 44%,<!-- [et_pb_line_break_holder] -->\t\t\t33% 50%,<!-- [et_pb_line_break_holder] -->\t\t\t54% 60%,<!-- [et_pb_line_break_holder] -->\t\t\t70% 61%,<!-- [et_pb_line_break_holder] -->\t\t\t84% 59%,<!-- [et_pb_line_break_holder] -->\t\t\t100% 52%,<!-- [et_pb_line_break_holder] -->\t\t\t100% 100%,<!-- [et_pb_line_break_holder] -->\t\t\t0% 100%<!-- [et_pb_line_break_holder] -->\t\t);<!-- [et_pb_line_break_holder] -->\t}<!-- [et_pb_line_break_holder] --><!-- [et_pb_line_break_holder] -->\t50% {<!-- [et_pb_line_break_holder] -->\t\tclip-path: polygon(<!-- [et_pb_line_break_holder] -->\t\t\t0% 60%,<!-- [et_pb_line_break_holder] -->\t\t\t15% 65%,<!-- [et_pb_line_break_holder] -->\t\t\t34% 66%,<!-- [et_pb_line_break_holder] -->\t\t\t51% 62%,<!-- [et_pb_line_break_holder] -->\t\t\t67% 50%,<!-- [et_pb_line_break_holder] -->\t\t\t84% 45%,<!-- [et_pb_line_break_holder] -->\t\t\t100% 46%,<!-- [et_pb_line_break_holder] -->\t\t\t100% 100%,<!-- [et_pb_line_break_holder] -->\t\t\t0% 100%<!-- [et_pb_line_break_holder] -->\t\t);<!-- [et_pb_line_break_holder] -->\t}<!-- [et_pb_line_break_holder] -->}<!-- [et_pb_line_break_holder] -->  <\/style>\n<p><!-- [et_pb_line_break_holder] -->[\/et_pb_code][\/et_pb_column][\/et_pb_row][\/et_pb_section]<\/p>","protected":false},"excerpt":{"rendered":"<p>About USWe Build Your Satisfaction with Experience and Quality.With 20 years of experience, our company specializes in food processing equipment, especially milk and dairy products, and has undertaken many projects. In line with the demands of our customers, we successfully assemble and deliver pasteurized milk, all kinds of cheese types, smetana, matsoni, yoghurt, ayran, kefir [&hellip;]<\/p>","protected":false},"author":1,"featured_media":0,"parent":0,"menu_order":0,"comment_status":"closed","ping_status":"closed","template":"","meta":{"_et_pb_use_builder":"on","_et_pb_old_content":"","_et_gb_content_width":"","footnotes":""},"class_list":["post-231","page","type-page","status-publish","hentry"],"jetpack_sharing_enabled":true,"_links":{"self":[{"href":"http:\/\/www.apaagro.com\/tr\/wp-json\/wp\/v2\/pages\/231"}],"collection":[{"href":"http:\/\/www.apaagro.com\/tr\/wp-json\/wp\/v2\/pages"}],"about":[{"href":"http:\/\/www.apaagro.com\/tr\/wp-json\/wp\/v2\/types\/page"}],"author":[{"embeddable":true,"href":"http:\/\/www.apaagro.com\/tr\/wp-json\/wp\/v2\/users\/1"}],"replies":[{"embeddable":true,"href":"http:\/\/www.apaagro.com\/tr\/wp-json\/wp\/v2\/comments?post=231"}],"version-history":[{"count":7,"href":"http:\/\/www.apaagro.com\/tr\/wp-json\/wp\/v2\/pages\/231\/revisions"}],"predecessor-version":[{"id":337,"href":"http:\/\/www.apaagro.com\/tr\/wp-json\/wp\/v2\/pages\/231\/revisions\/337"}],"wp:attachment":[{"href":"http:\/\/www.apaagro.com\/tr\/wp-json\/wp\/v2\/media?parent=231"}],"curies":[{"name":"wp","href":"https:\/\/api.w.org\/{rel}","templated":true}]}}