{"id":152,"date":"2023-10-14T13:17:12","date_gmt":"2023-10-14T13:17:12","guid":{"rendered":"http:\/\/www.apaagro.com\/?post_type=product&#038;p=152"},"modified":"2023-10-20T07:57:53","modified_gmt":"2023-10-20T07:57:53","slug":"turn-key-plants","status":"publish","type":"product","link":"http:\/\/www.apaagro.com\/tr\/urun\/turn-key-plants\/","title":{"rendered":"ANAHTAR TESL\u0130M\u0130 TES\u0130SLER"},"content":{"rendered":"<p>Talep edilen s\u00fct i\u015fleme kapasitesine g\u00f6re anahtar teslimi tesisler, havaland\u0131rma sistemi, so\u011fuk hava depolama sistemleri, chiller , buhar kazanlar\u0131 ve dolum makinalar\u0131 ve montaj\u0131.<\/p>","protected":false},"excerpt":{"rendered":"<p>Talep edilen s\u00fct i\u015fleme kapasitesine g\u00f6re anahtar teslimi tesisler, havaland\u0131rma sistemi, so\u011fuk hava depolama sistemleri, chiller , buhar kazanlar\u0131 ve dolum makinalar\u0131 ve montaj\u0131.<\/p>","protected":false},"featured_media":313,"comment_status":"open","ping_status":"closed","template":"","meta":{"_et_pb_use_builder":"","_et_pb_old_content":"","_et_gb_content_width":""},"product_cat":[17],"product_tag":[],"class_list":["post-152","product","type-product","status-publish","has-post-thumbnail","hentry","product_cat-products"],"jetpack_sharing_enabled":true,"_links":{"self":[{"href":"http:\/\/www.apaagro.com\/tr\/wp-json\/wp\/v2\/product\/152"}],"collection":[{"href":"http:\/\/www.apaagro.com\/tr\/wp-json\/wp\/v2\/product"}],"about":[{"href":"http:\/\/www.apaagro.com\/tr\/wp-json\/wp\/v2\/types\/product"}],"replies":[{"embeddable":true,"href":"http:\/\/www.apaagro.com\/tr\/wp-json\/wp\/v2\/comments?post=152"}],"wp:featuredmedia":[{"embeddable":true,"href":"http:\/\/www.apaagro.com\/tr\/wp-json\/wp\/v2\/media\/313"}],"wp:attachment":[{"href":"http:\/\/www.apaagro.com\/tr\/wp-json\/wp\/v2\/media?parent=152"}],"wp:term":[{"taxonomy":"product_cat","embeddable":true,"href":"http:\/\/www.apaagro.com\/tr\/wp-json\/wp\/v2\/product_cat?post=152"},{"taxonomy":"product_tag","embeddable":true,"href":"http:\/\/www.apaagro.com\/tr\/wp-json\/wp\/v2\/product_tag?post=152"}],"curies":[{"name":"wp","href":"https:\/\/api.w.org\/{rel}","templated":true}]}}