{"id":166,"date":"2023-10-14T13:27:42","date_gmt":"2023-10-14T13:27:42","guid":{"rendered":"http:\/\/www.apaagro.com\/?post_type=product&#038;p=166"},"modified":"2023-10-20T08:08:49","modified_gmt":"2023-10-20T08:08:49","slug":"milk-reception-units","status":"publish","type":"product","link":"http:\/\/www.apaagro.com\/tr\/urun\/milk-reception-units\/","title":{"rendered":"S\u00dcT ALIM \u00dcN\u0130TES\u0130"},"content":{"rendered":"<p>\u0130stenen kapasitede s\u00fct al\u0131m teknesi ve S\u00fct al\u0131m saya\u00e7lar\u0131<\/p>","protected":false},"excerpt":{"rendered":"<p>\u0130stenen kapasitede s\u00fct al\u0131m teknesi ve S\u00fct al\u0131m saya\u00e7lar\u0131<\/p>","protected":false},"featured_media":328,"comment_status":"open","ping_status":"closed","template":"","meta":{"_et_pb_use_builder":"","_et_pb_old_content":"","_et_gb_content_width":""},"product_cat":[17],"product_tag":[],"class_list":["post-166","product","type-product","status-publish","has-post-thumbnail","hentry","product_cat-products"],"jetpack_sharing_enabled":true,"_links":{"self":[{"href":"http:\/\/www.apaagro.com\/tr\/wp-json\/wp\/v2\/product\/166"}],"collection":[{"href":"http:\/\/www.apaagro.com\/tr\/wp-json\/wp\/v2\/product"}],"about":[{"href":"http:\/\/www.apaagro.com\/tr\/wp-json\/wp\/v2\/types\/product"}],"replies":[{"embeddable":true,"href":"http:\/\/www.apaagro.com\/tr\/wp-json\/wp\/v2\/comments?post=166"}],"wp:featuredmedia":[{"embeddable":true,"href":"http:\/\/www.apaagro.com\/tr\/wp-json\/wp\/v2\/media\/328"}],"wp:attachment":[{"href":"http:\/\/www.apaagro.com\/tr\/wp-json\/wp\/v2\/media?parent=166"}],"wp:term":[{"taxonomy":"product_cat","embeddable":true,"href":"http:\/\/www.apaagro.com\/tr\/wp-json\/wp\/v2\/product_cat?post=166"},{"taxonomy":"product_tag","embeddable":true,"href":"http:\/\/www.apaagro.com\/tr\/wp-json\/wp\/v2\/product_tag?post=166"}],"curies":[{"name":"wp","href":"https:\/\/api.w.org\/{rel}","templated":true}]}}