{"id":168,"date":"2023-10-14T13:29:54","date_gmt":"2023-10-14T13:29:54","guid":{"rendered":"http:\/\/www.apaagro.com\/?post_type=product&#038;p=168"},"modified":"2023-10-20T08:12:32","modified_gmt":"2023-10-20T08:12:32","slug":"milk-storage-tanks","status":"publish","type":"product","link":"http:\/\/www.apaagro.com\/tr\/urun\/milk-storage-tanks\/","title":{"rendered":"S\u00dcT DEPOLAMA TANKLARI"},"content":{"rendered":"<p>500 lt kapasiteden ba\u015flayarak istenilen kapasitelerde cidarl\u0131, izoleli tanklar<\/p>","protected":false},"excerpt":{"rendered":"<p>500 lt kapasiteden ba\u015flayarak istenilen kapasitelerde cidarl\u0131, izoleli tanklar<\/p>","protected":false},"featured_media":170,"comment_status":"open","ping_status":"closed","template":"","meta":{"_et_pb_use_builder":"","_et_pb_old_content":"","_et_gb_content_width":""},"product_cat":[17],"product_tag":[],"class_list":["post-168","product","type-product","status-publish","has-post-thumbnail","hentry","product_cat-products"],"jetpack_sharing_enabled":true,"_links":{"self":[{"href":"http:\/\/www.apaagro.com\/tr\/wp-json\/wp\/v2\/product\/168"}],"collection":[{"href":"http:\/\/www.apaagro.com\/tr\/wp-json\/wp\/v2\/product"}],"about":[{"href":"http:\/\/www.apaagro.com\/tr\/wp-json\/wp\/v2\/types\/product"}],"replies":[{"embeddable":true,"href":"http:\/\/www.apaagro.com\/tr\/wp-json\/wp\/v2\/comments?post=168"}],"wp:featuredmedia":[{"embeddable":true,"href":"http:\/\/www.apaagro.com\/tr\/wp-json\/wp\/v2\/media\/170"}],"wp:attachment":[{"href":"http:\/\/www.apaagro.com\/tr\/wp-json\/wp\/v2\/media?parent=168"}],"wp:term":[{"taxonomy":"product_cat","embeddable":true,"href":"http:\/\/www.apaagro.com\/tr\/wp-json\/wp\/v2\/product_cat?post=168"},{"taxonomy":"product_tag","embeddable":true,"href":"http:\/\/www.apaagro.com\/tr\/wp-json\/wp\/v2\/product_tag?post=168"}],"curies":[{"name":"wp","href":"https:\/\/api.w.org\/{rel}","templated":true}]}}