{"id":174,"date":"2023-10-14T13:31:09","date_gmt":"2023-10-14T13:31:09","guid":{"rendered":"http:\/\/www.apaagro.com\/?post_type=product&#038;p=174"},"modified":"2023-10-20T08:13:57","modified_gmt":"2023-10-20T08:13:57","slug":"milk-cooling-tanks","status":"publish","type":"product","link":"http:\/\/www.apaagro.com\/tr\/urun\/milk-cooling-tanks\/","title":{"rendered":"S\u00dcT SO\u011eUTMA TANKLARI"},"content":{"rendered":"<p>200 lt kapasiteden ba\u015flayarak 20.000 lt ye kadar otamatik y\u0131kamal\u0131 dijital tart\u0131ml\u0131 tanklar.<\/p>","protected":false},"excerpt":{"rendered":"<p>200 lt kapasiteden ba\u015flayarak 20.000 lt ye kadar otamatik y\u0131kamal\u0131 dijital tart\u0131ml\u0131 tanklar.<\/p>","protected":false},"featured_media":0,"comment_status":"open","ping_status":"closed","template":"","meta":{"_et_pb_use_builder":"","_et_pb_old_content":"","_et_gb_content_width":""},"product_cat":[17],"product_tag":[],"class_list":["post-174","product","type-product","status-publish","hentry","product_cat-products"],"jetpack_sharing_enabled":true,"_links":{"self":[{"href":"http:\/\/www.apaagro.com\/tr\/wp-json\/wp\/v2\/product\/174"}],"collection":[{"href":"http:\/\/www.apaagro.com\/tr\/wp-json\/wp\/v2\/product"}],"about":[{"href":"http:\/\/www.apaagro.com\/tr\/wp-json\/wp\/v2\/types\/product"}],"replies":[{"embeddable":true,"href":"http:\/\/www.apaagro.com\/tr\/wp-json\/wp\/v2\/comments?post=174"}],"wp:attachment":[{"href":"http:\/\/www.apaagro.com\/tr\/wp-json\/wp\/v2\/media?parent=174"}],"wp:term":[{"taxonomy":"product_cat","embeddable":true,"href":"http:\/\/www.apaagro.com\/tr\/wp-json\/wp\/v2\/product_cat?post=174"},{"taxonomy":"product_tag","embeddable":true,"href":"http:\/\/www.apaagro.com\/tr\/wp-json\/wp\/v2\/product_tag?post=174"}],"curies":[{"name":"wp","href":"https:\/\/api.w.org\/{rel}","templated":true}]}}