{"id":175,"date":"2023-10-14T13:34:22","date_gmt":"2023-10-14T13:34:22","guid":{"rendered":"http:\/\/www.apaagro.com\/?post_type=product&#038;p=175"},"modified":"2023-10-23T09:12:52","modified_gmt":"2023-10-23T09:12:52","slug":"pasteurization-unit","status":"publish","type":"product","link":"http:\/\/www.apaagro.com\/tr\/urun\/pasteurization-unit\/","title":{"rendered":"PAST\u00d6R\u0130ZASYON \u00dcN\u0130TES\u0130"},"content":{"rendered":"<p>Plakal\u0131 ve borulu past\u00f6rizat\u00f6rler 500 lt \u2013 20.000 lt kapasitelerde s\u0131v\u0131 \u00fcr\u00fcnler i\u00e7in s\u00fct , meyve suyu , salamura ve pekmez gibi \u00fcr\u00fcnler<\/p>","protected":false},"excerpt":{"rendered":"<p>Plakal\u0131 ve borulu past\u00f6rizat\u00f6rler 500 lt \u2013 20.000 lt kapasitelerde s\u0131v\u0131 \u00fcr\u00fcnler i\u00e7in s\u00fct , meyve suyu , salamura ve pekmez gibi \u00fcr\u00fcnler<\/p>","protected":false},"featured_media":320,"comment_status":"open","ping_status":"closed","template":"","meta":{"_et_pb_use_builder":"","_et_pb_old_content":"","_et_gb_content_width":""},"product_cat":[17],"product_tag":[],"class_list":["post-175","product","type-product","status-publish","has-post-thumbnail","hentry","product_cat-products"],"jetpack_sharing_enabled":true,"_links":{"self":[{"href":"http:\/\/www.apaagro.com\/tr\/wp-json\/wp\/v2\/product\/175"}],"collection":[{"href":"http:\/\/www.apaagro.com\/tr\/wp-json\/wp\/v2\/product"}],"about":[{"href":"http:\/\/www.apaagro.com\/tr\/wp-json\/wp\/v2\/types\/product"}],"replies":[{"embeddable":true,"href":"http:\/\/www.apaagro.com\/tr\/wp-json\/wp\/v2\/comments?post=175"}],"wp:featuredmedia":[{"embeddable":true,"href":"http:\/\/www.apaagro.com\/tr\/wp-json\/wp\/v2\/media\/320"}],"wp:attachment":[{"href":"http:\/\/www.apaagro.com\/tr\/wp-json\/wp\/v2\/media?parent=175"}],"wp:term":[{"taxonomy":"product_cat","embeddable":true,"href":"http:\/\/www.apaagro.com\/tr\/wp-json\/wp\/v2\/product_cat?post=175"},{"taxonomy":"product_tag","embeddable":true,"href":"http:\/\/www.apaagro.com\/tr\/wp-json\/wp\/v2\/product_tag?post=175"}],"curies":[{"name":"wp","href":"https:\/\/api.w.org\/{rel}","templated":true}]}}