{"id":181,"date":"2023-10-14T13:40:23","date_gmt":"2023-10-14T13:40:23","guid":{"rendered":"http:\/\/www.apaagro.com\/?post_type=product&#038;p=181"},"modified":"2023-10-23T09:13:37","modified_gmt":"2023-10-23T09:13:37","slug":"smetana-matsoni-yogurt-machines","status":"publish","type":"product","link":"http:\/\/www.apaagro.com\/tr\/urun\/smetana-matsoni-yogurt-machines\/","title":{"rendered":"SMETANA  MATSON\u0130 YO\u011eURT MAK\u0130NALARI"},"content":{"rendered":"<p>Farkl\u0131 kapasitelerde Smetana ve matsoni yo\u011furt fermentasyon tanklar\u0131 , dolum makinalar\u0131 ve homojenizat\u00f6rler<\/p>","protected":false},"excerpt":{"rendered":"<p>Farkl\u0131 kapasitelerde Smetana ve matsoni yo\u011furt fermentasyon tanklar\u0131 , dolum makinalar\u0131 ve homojenizat\u00f6rler<\/p>","protected":false},"featured_media":196,"comment_status":"open","ping_status":"closed","template":"","meta":{"_et_pb_use_builder":"","_et_pb_old_content":"","_et_gb_content_width":""},"product_cat":[17],"product_tag":[],"class_list":["post-181","product","type-product","status-publish","has-post-thumbnail","hentry","product_cat-products"],"jetpack_sharing_enabled":true,"_links":{"self":[{"href":"http:\/\/www.apaagro.com\/tr\/wp-json\/wp\/v2\/product\/181"}],"collection":[{"href":"http:\/\/www.apaagro.com\/tr\/wp-json\/wp\/v2\/product"}],"about":[{"href":"http:\/\/www.apaagro.com\/tr\/wp-json\/wp\/v2\/types\/product"}],"replies":[{"embeddable":true,"href":"http:\/\/www.apaagro.com\/tr\/wp-json\/wp\/v2\/comments?post=181"}],"wp:featuredmedia":[{"embeddable":true,"href":"http:\/\/www.apaagro.com\/tr\/wp-json\/wp\/v2\/media\/196"}],"wp:attachment":[{"href":"http:\/\/www.apaagro.com\/tr\/wp-json\/wp\/v2\/media?parent=181"}],"wp:term":[{"taxonomy":"product_cat","embeddable":true,"href":"http:\/\/www.apaagro.com\/tr\/wp-json\/wp\/v2\/product_cat?post=181"},{"taxonomy":"product_tag","embeddable":true,"href":"http:\/\/www.apaagro.com\/tr\/wp-json\/wp\/v2\/product_tag?post=181"}],"curies":[{"name":"wp","href":"https:\/\/api.w.org\/{rel}","templated":true}]}}