{"id":182,"date":"2023-10-14T13:42:10","date_gmt":"2023-10-14T13:42:10","guid":{"rendered":"http:\/\/www.apaagro.com\/?post_type=product&#038;p=182"},"modified":"2023-10-20T08:10:39","modified_gmt":"2023-10-20T08:10:39","slug":"centrifugal-pumps","status":"publish","type":"product","link":"http:\/\/www.apaagro.com\/tr\/urun\/centrifugal-pumps\/","title":{"rendered":"SANTR\u0130F\u00dcJ POMPALAR"},"content":{"rendered":"<p>S\u00fct transferlerinde kullan\u0131lan farkl\u0131 kapasitelerde pompalar.<\/p>","protected":false},"excerpt":{"rendered":"<p>S\u00fct transferlerinde kullan\u0131lan farkl\u0131 kapasitelerde pompalar.<\/p>","protected":false},"featured_media":329,"comment_status":"open","ping_status":"closed","template":"","meta":{"_et_pb_use_builder":"","_et_pb_old_content":"","_et_gb_content_width":""},"product_cat":[17],"product_tag":[],"class_list":["post-182","product","type-product","status-publish","has-post-thumbnail","hentry","product_cat-products"],"jetpack_sharing_enabled":true,"_links":{"self":[{"href":"http:\/\/www.apaagro.com\/tr\/wp-json\/wp\/v2\/product\/182"}],"collection":[{"href":"http:\/\/www.apaagro.com\/tr\/wp-json\/wp\/v2\/product"}],"about":[{"href":"http:\/\/www.apaagro.com\/tr\/wp-json\/wp\/v2\/types\/product"}],"replies":[{"embeddable":true,"href":"http:\/\/www.apaagro.com\/tr\/wp-json\/wp\/v2\/comments?post=182"}],"wp:featuredmedia":[{"embeddable":true,"href":"http:\/\/www.apaagro.com\/tr\/wp-json\/wp\/v2\/media\/329"}],"wp:attachment":[{"href":"http:\/\/www.apaagro.com\/tr\/wp-json\/wp\/v2\/media?parent=182"}],"wp:term":[{"taxonomy":"product_cat","embeddable":true,"href":"http:\/\/www.apaagro.com\/tr\/wp-json\/wp\/v2\/product_cat?post=182"},{"taxonomy":"product_tag","embeddable":true,"href":"http:\/\/www.apaagro.com\/tr\/wp-json\/wp\/v2\/product_tag?post=182"}],"curies":[{"name":"wp","href":"https:\/\/api.w.org\/{rel}","templated":true}]}}