{"id":183,"date":"2023-10-14T13:44:53","date_gmt":"2023-10-14T13:44:53","guid":{"rendered":"http:\/\/www.apaagro.com\/?post_type=product&#038;p=183"},"modified":"2023-10-23T09:12:32","modified_gmt":"2023-10-23T09:12:32","slug":"cip-systems","status":"publish","type":"product","link":"http:\/\/www.apaagro.com\/tr\/urun\/cip-systems\/","title":{"rendered":"CIP S\u0130STEMLER\u0130"},"content":{"rendered":"<p>S\u00fct tesisinde makinalar\u0131n ve boru hatlar\u0131n\u0131n yerinde temizli\u011fi i\u00e7in sistemler<\/p>","protected":false},"excerpt":{"rendered":"<p>S\u00fct tesisinde makinalar\u0131n ve boru hatlar\u0131n\u0131n yerinde temizli\u011fi i\u00e7in sistemler<\/p>","protected":false},"featured_media":202,"comment_status":"open","ping_status":"closed","template":"","meta":{"_et_pb_use_builder":"","_et_pb_old_content":"","_et_gb_content_width":""},"product_cat":[17],"product_tag":[],"class_list":["post-183","product","type-product","status-publish","has-post-thumbnail","hentry","product_cat-products"],"jetpack_sharing_enabled":true,"_links":{"self":[{"href":"http:\/\/www.apaagro.com\/tr\/wp-json\/wp\/v2\/product\/183"}],"collection":[{"href":"http:\/\/www.apaagro.com\/tr\/wp-json\/wp\/v2\/product"}],"about":[{"href":"http:\/\/www.apaagro.com\/tr\/wp-json\/wp\/v2\/types\/product"}],"replies":[{"embeddable":true,"href":"http:\/\/www.apaagro.com\/tr\/wp-json\/wp\/v2\/comments?post=183"}],"wp:featuredmedia":[{"embeddable":true,"href":"http:\/\/www.apaagro.com\/tr\/wp-json\/wp\/v2\/media\/202"}],"wp:attachment":[{"href":"http:\/\/www.apaagro.com\/tr\/wp-json\/wp\/v2\/media?parent=183"}],"wp:term":[{"taxonomy":"product_cat","embeddable":true,"href":"http:\/\/www.apaagro.com\/tr\/wp-json\/wp\/v2\/product_cat?post=183"},{"taxonomy":"product_tag","embeddable":true,"href":"http:\/\/www.apaagro.com\/tr\/wp-json\/wp\/v2\/product_tag?post=183"}],"curies":[{"name":"wp","href":"https:\/\/api.w.org\/{rel}","templated":true}]}}