{"id":184,"date":"2023-10-14T13:47:23","date_gmt":"2023-10-14T13:47:23","guid":{"rendered":"http:\/\/www.apaagro.com\/?post_type=product&#038;p=184"},"modified":"2023-10-20T08:12:00","modified_gmt":"2023-10-20T08:12:00","slug":"ventilation-system-of-the-factory","status":"publish","type":"product","link":"http:\/\/www.apaagro.com\/tr\/urun\/ventilation-system-of-the-factory\/","title":{"rendered":"HAVALANDIRMA S\u0130STEMLER\u0130"},"content":{"rendered":"<p>\u00dcretim alanlar\u0131n\u0131n havaland\u0131r\u0131lmas\u0131 i\u00e7in \u00f6zel proje \u00e7al\u0131\u015fmalar\u0131<\/p>","protected":false},"excerpt":{"rendered":"<p>\u00dcretim alanlar\u0131n\u0131n havaland\u0131r\u0131lmas\u0131 i\u00e7in \u00f6zel proje \u00e7al\u0131\u015fmalar\u0131<\/p>","protected":false},"featured_media":204,"comment_status":"open","ping_status":"closed","template":"","meta":{"_et_pb_use_builder":"","_et_pb_old_content":"","_et_gb_content_width":""},"product_cat":[17],"product_tag":[],"class_list":["post-184","product","type-product","status-publish","has-post-thumbnail","hentry","product_cat-products"],"jetpack_sharing_enabled":true,"_links":{"self":[{"href":"http:\/\/www.apaagro.com\/tr\/wp-json\/wp\/v2\/product\/184"}],"collection":[{"href":"http:\/\/www.apaagro.com\/tr\/wp-json\/wp\/v2\/product"}],"about":[{"href":"http:\/\/www.apaagro.com\/tr\/wp-json\/wp\/v2\/types\/product"}],"replies":[{"embeddable":true,"href":"http:\/\/www.apaagro.com\/tr\/wp-json\/wp\/v2\/comments?post=184"}],"wp:featuredmedia":[{"embeddable":true,"href":"http:\/\/www.apaagro.com\/tr\/wp-json\/wp\/v2\/media\/204"}],"wp:attachment":[{"href":"http:\/\/www.apaagro.com\/tr\/wp-json\/wp\/v2\/media?parent=184"}],"wp:term":[{"taxonomy":"product_cat","embeddable":true,"href":"http:\/\/www.apaagro.com\/tr\/wp-json\/wp\/v2\/product_cat?post=184"},{"taxonomy":"product_tag","embeddable":true,"href":"http:\/\/www.apaagro.com\/tr\/wp-json\/wp\/v2\/product_tag?post=184"}],"curies":[{"name":"wp","href":"https:\/\/api.w.org\/{rel}","templated":true}]}}