{"id":185,"date":"2023-10-14T13:50:03","date_gmt":"2023-10-14T13:50:03","guid":{"rendered":"http:\/\/www.apaagro.com\/?post_type=product&#038;p=185"},"modified":"2023-10-23T09:11:43","modified_gmt":"2023-10-23T09:11:43","slug":"cold-room-and-doors","status":"publish","type":"product","link":"http:\/\/www.apaagro.com\/tr\/urun\/cold-room-and-doors\/","title":{"rendered":"SO\u011eUK ODA S\u0130STEMLER\u0130 VE KAPILARI"},"content":{"rendered":"<p>G\u0131da \u00fcr\u00fcnlerinin gerekli \u015fartlar alt\u0131nda muhafazas\u0131 i\u00e7in so\u011fuk hava depolar\u0131 ve kap\u0131lar\u0131<\/p>","protected":false},"excerpt":{"rendered":"<p>G\u0131da \u00fcr\u00fcnlerinin gerekli \u015fartlar alt\u0131nda muhafazas\u0131 i\u00e7in so\u011fuk hava depolar\u0131 ve kap\u0131lar\u0131<\/p>","protected":false},"featured_media":208,"comment_status":"open","ping_status":"closed","template":"","meta":{"_et_pb_use_builder":"","_et_pb_old_content":"","_et_gb_content_width":""},"product_cat":[17],"product_tag":[],"class_list":["post-185","product","type-product","status-publish","has-post-thumbnail","hentry","product_cat-products"],"jetpack_sharing_enabled":true,"_links":{"self":[{"href":"http:\/\/www.apaagro.com\/tr\/wp-json\/wp\/v2\/product\/185"}],"collection":[{"href":"http:\/\/www.apaagro.com\/tr\/wp-json\/wp\/v2\/product"}],"about":[{"href":"http:\/\/www.apaagro.com\/tr\/wp-json\/wp\/v2\/types\/product"}],"replies":[{"embeddable":true,"href":"http:\/\/www.apaagro.com\/tr\/wp-json\/wp\/v2\/comments?post=185"}],"wp:featuredmedia":[{"embeddable":true,"href":"http:\/\/www.apaagro.com\/tr\/wp-json\/wp\/v2\/media\/208"}],"wp:attachment":[{"href":"http:\/\/www.apaagro.com\/tr\/wp-json\/wp\/v2\/media?parent=185"}],"wp:term":[{"taxonomy":"product_cat","embeddable":true,"href":"http:\/\/www.apaagro.com\/tr\/wp-json\/wp\/v2\/product_cat?post=185"},{"taxonomy":"product_tag","embeddable":true,"href":"http:\/\/www.apaagro.com\/tr\/wp-json\/wp\/v2\/product_tag?post=185"}],"curies":[{"name":"wp","href":"https:\/\/api.w.org\/{rel}","templated":true}]}}